{"id":52213,"date":"2026-02-11T13:17:57","date_gmt":"2026-02-11T16:17:57","guid":{"rendered":"https:\/\/new.rodorumo.com.br\/?page_id=52213"},"modified":"2026-02-11T13:51:40","modified_gmt":"2026-02-11T16:51:40","slug":"trabalhe-conosco","status":"publish","type":"page","link":"https:\/\/rodorumo.com.br\/index.php\/trabalhe-conosco\/","title":{"rendered":"Trabalhe Conosco"},"content":{"rendered":"\t\t<div data-elementor-type=\"wp-page\" data-elementor-id=\"52213\" class=\"elementor elementor-52213\">\n\t\t\t\t<div class=\"elementor-element elementor-element-ca3fa41 e-con-full e-flex cmsmasters-bg-hide-none cmsmasters-bg-hide-none cmsmasters-block-default e-con e-parent\" data-id=\"ca3fa41\" data-element_type=\"container\" data-settings=\"{&quot;background_background&quot;:&quot;classic&quot;}\">\n\t\t<div class=\"elementor-element elementor-element-002e72d e-con-full e-flex cmsmasters-block-default e-con e-child\" data-id=\"002e72d\" data-element_type=\"container\">\n\t\t\t\t<div class=\"elementor-element elementor-element-edc96af elementor-icon-list--layout-traditional elementor-list-item-link-full_width cmsmasters-block-default cmsmasters-sticky-default elementor-invisible elementor-widget elementor-widget-icon-list\" data-id=\"edc96af\" data-element_type=\"widget\" data-settings=\"{&quot;_animation&quot;:&quot;cmsmasters-fade-in-left&quot;}\" data-widget_type=\"icon-list.default\">\n\t\t\t\t\t\t\t<ul class=\"elementor-icon-list-items\">\n\t\t\t\t\t\t\t<li class=\"elementor-icon-list-item\">\n\t\t\t\t\t\t\t\t\t\t\t<span class=\"elementor-icon-list-icon\">\n\t\t\t\t\t\t\t<i aria-hidden=\"true\" class=\"cmsmsdemo-icon- cmsms-demo-icon-arrows-2\"><\/i>\t\t\t\t\t\t<\/span>\n\t\t\t\t\t\t\t\t\t\t<span class=\"elementor-icon-list-text\">Trabalhe na Rodorumo<\/span>\n\t\t\t\t\t\t\t\t\t<\/li>\n\t\t\t\t\t\t<\/ul>\n\t\t\t\t\t\t<\/div>\n\t\t\t\t<div class=\"elementor-element elementor-element-0bf2b78 elementor-widget__width-initial cmsmasters-block-default cmsmasters-sticky-default elementor-invisible elementor-widget elementor-widget-heading\" data-id=\"0bf2b78\" data-element_type=\"widget\" data-settings=\"{&quot;_animation&quot;:&quot;cmsmasters-fade-in-up&quot;,&quot;_animation_delay&quot;:150}\" data-widget_type=\"heading.default\">\n\t\t\t\t\t<h1 class=\"elementor-heading-title elementor-size-default\">Vem conosco! Somos Impulsionados pela confian\u00e7a e pelo trabalho em equipe.<\/h1>\t\t\t\t<\/div>\n\t\t\t\t<\/div>\n\t\t<div class=\"elementor-element elementor-element-d2871fb e-con-full e-flex cmsmasters-block-default e-con e-child\" data-id=\"d2871fb\" data-element_type=\"container\">\n\t\t\t\t<div class=\"elementor-element elementor-element-384e93c cmsmasters-block-default cmsmasters-sticky-default elementor-invisible elementor-widget elementor-widget-text-editor\" data-id=\"384e93c\" data-element_type=\"widget\" data-settings=\"{&quot;_animation&quot;:&quot;cmsmasters-fade-in-up&quot;,&quot;_animation_delay&quot;:300}\" data-widget_type=\"text-editor.default\">\n\t\t\t\t\t\t\t\t\t<p>N\u00e3o importa se voc\u00ea est\u00e1 come\u00e7ando sua trajet\u00f3ria ou j\u00e1 possui experi\u00eancia na \u00e1rea, na Rodorumo valorizamos talentos comprometidos e oferecemos oportunidades de crescimento em um ambiente din\u00e2mico, estruturado e movido por excel\u00eancia operacional.<\/p>\t\t\t\t\t\t\t\t<\/div>\n\t\t\t\t<\/div>\n\t\t<div class=\"elementor-element elementor-element-1231207 e-con-full cmsmasters-effect cmsmasters-effect-type-transform e-flex cmsmasters-effect-hover-type-element cmsmasters-block-default e-con e-child\" data-id=\"1231207\" data-element_type=\"container\" data-settings=\"{&quot;background_background&quot;:&quot;classic&quot;,&quot;position&quot;:&quot;absolute&quot;,&quot;cms_transform_hover_type&quot;:&quot;element&quot;}\">\n\t\t\t\t<\/div>\n\t\t\t\t<\/div>\n\t\t<div class=\"elementor-element elementor-element-0e698f0 e-flex e-con-boxed cmsmasters-block-default e-con e-parent\" data-id=\"0e698f0\" data-element_type=\"container\">\n\t\t\t\t\t<div class=\"e-con-inner\">\n\t\t<div class=\"elementor-element elementor-element-6672cee e-con-full e-flex cmsmasters-block-default e-con e-child\" data-id=\"6672cee\" data-element_type=\"container\">\n\t\t\t\t<div class=\"elementor-element elementor-element-eca72b0 elementor-widget__width-initial cmsmasters-block-default cmsmasters-sticky-default elementor-invisible elementor-widget elementor-widget-heading\" data-id=\"eca72b0\" data-element_type=\"widget\" data-settings=\"{&quot;_animation&quot;:&quot;cmsmasters-fade-in-up&quot;}\" data-widget_type=\"heading.default\">\n\t\t\t\t\t<h2 class=\"elementor-heading-title elementor-size-default\">Sobre a Rodorumo<\/h2>\t\t\t\t<\/div>\n\t\t\t\t<div class=\"elementor-element elementor-element-f52fd6f cmsmasters-block-default cmsmasters-sticky-default elementor-invisible elementor-widget elementor-widget-text-editor\" data-id=\"f52fd6f\" data-element_type=\"widget\" data-settings=\"{&quot;_animation&quot;:&quot;cmsmasters-fade-in-up&quot;,&quot;_animation_delay&quot;:150}\" data-widget_type=\"text-editor.default\">\n\t\t\t\t\t\t\t\t\t<p>Com d\u00e9cadas de experi\u00eancia em log\u00edstica, entregamos cargas com seguran\u00e7a e efici\u00eancia em todo o territ\u00f3rio nacional.<br \/><br \/>Seja um \u00fanico pacote ou uma carga a granel, nossas solu\u00e7\u00f5es log\u00edsticas personalizadas garantem a entrega no prazo e total transpar\u00eancia.<\/p>\t\t\t\t\t\t\t\t<\/div>\n\t\t\t\t<\/div>\n\t\t<div class=\"elementor-element elementor-element-5f58e08 e-con-full e-flex cmsmasters-block-default e-con e-child\" data-id=\"5f58e08\" data-element_type=\"container\">\n\t\t\t\t<div class=\"elementor-element elementor-element-284c8f0 cmsmasters-block-default cmsmasters-sticky-default elementor-widget elementor-widget-image\" data-id=\"284c8f0\" data-element_type=\"widget\" data-widget_type=\"image.default\">\n\t\t\t\t\t\t\t\t\t\t\t\t\t\t\t<img fetchpriority=\"high\" decoding=\"async\" width=\"700\" height=\"580\" src=\"https:\/\/rodorumo.com.br\/wp-content\/uploads\/2025\/10\/RDR_About_Truck_003_30.10.25.jpg\" class=\"attachment-full size-full wp-image-51416\" alt=\"Variantes de Caminh\u00f5es\" srcset=\"https:\/\/rodorumo.com.br\/wp-content\/uploads\/2025\/10\/RDR_About_Truck_003_30.10.25.jpg 700w, https:\/\/rodorumo.com.br\/wp-content\/uploads\/2025\/10\/RDR_About_Truck_003_30.10.25-300x249.jpg 300w, https:\/\/rodorumo.com.br\/wp-content\/uploads\/2025\/10\/RDR_About_Truck_003_30.10.25-362x300.jpg 362w, https:\/\/rodorumo.com.br\/wp-content\/uploads\/2025\/10\/RDR_About_Truck_003_30.10.25-600x497.jpg 600w\" sizes=\"(max-width: 700px) 100vw, 700px\" \/>\t\t\t\t\t\t\t\t\t\t\t\t\t\t\t<\/div>\n\t\t\t\t<\/div>\n\t\t\t\t\t<\/div>\n\t\t\t\t<\/div>\n\t\t<div class=\"elementor-element elementor-element-bb367d1 e-flex e-con-boxed cmsmasters-block-default e-con e-parent\" data-id=\"bb367d1\" data-element_type=\"container\" data-settings=\"{&quot;background_background&quot;:&quot;classic&quot;}\">\n\t\t\t\t\t<div class=\"e-con-inner\">\n\t\t<div class=\"elementor-element elementor-element-6d6554e e-con-full cmsmasters-effect cmsmasters-effect-type-transform e-flex cmsmasters-effect-hover-type-element cmsmasters-block-default e-con e-child\" data-id=\"6d6554e\" data-element_type=\"container\" data-settings=\"{&quot;background_background&quot;:&quot;classic&quot;,&quot;position&quot;:&quot;absolute&quot;,&quot;cms_transform_hover_type&quot;:&quot;element&quot;}\">\n\t\t\t\t<\/div>\n\t\t\t\t<div class=\"elementor-element elementor-element-e8f938e elementor-icon-list--layout-traditional elementor-list-item-link-full_width cmsmasters-block-default cmsmasters-sticky-default elementor-invisible elementor-widget elementor-widget-icon-list\" data-id=\"e8f938e\" data-element_type=\"widget\" data-settings=\"{&quot;_animation&quot;:&quot;cmsmasters-fade-in-left&quot;}\" data-widget_type=\"icon-list.default\">\n\t\t\t\t\t\t\t<ul class=\"elementor-icon-list-items\">\n\t\t\t\t\t\t\t<li class=\"elementor-icon-list-item\">\n\t\t\t\t\t\t\t\t\t\t\t<span class=\"elementor-icon-list-icon\">\n\t\t\t\t\t\t\t<i aria-hidden=\"true\" class=\"cmsmsdemo-icon- cmsms-demo-icon-arrows-2\"><\/i>\t\t\t\t\t\t<\/span>\n\t\t\t\t\t\t\t\t\t\t<span class=\"elementor-icon-list-text\">Conha\u00e7a Todas as Oportunidades<\/span>\n\t\t\t\t\t\t\t\t\t<\/li>\n\t\t\t\t\t\t<\/ul>\n\t\t\t\t\t\t<\/div>\n\t\t\t\t<div class=\"elementor-element elementor-element-7040a86 cmsmasters-block-default cmsmasters-sticky-default elementor-invisible elementor-widget elementor-widget-heading\" data-id=\"7040a86\" data-element_type=\"widget\" data-settings=\"{&quot;_animation&quot;:&quot;cmsmasters-fade-in-up&quot;,&quot;_animation_delay&quot;:150}\" data-widget_type=\"heading.default\">\n\t\t\t\t\t<h3 class=\"elementor-heading-title elementor-size-default\">Cadastre-se Pelo Site InfoJobs<\/h3>\t\t\t\t<\/div>\n\t\t\t\t<div class=\"elementor-element elementor-element-8d0c982 cmsmasters-block-default cmsmasters-sticky-default elementor-invisible elementor-widget elementor-widget-cmsmasters-button\" data-id=\"8d0c982\" data-element_type=\"widget\" data-settings=\"{&quot;_animation&quot;:&quot;cmsmasters-pop-in&quot;,&quot;_animation_delay&quot;:300}\" data-widget_type=\"cmsmasters-button.default\">\n\t\t\t\t\t<div class=\"elementor-widget-cmsmasters-button__button-container\"><div class=\"elementor-widget-cmsmasters-button__button-container-inner\"><a href=\"https:\/\/rodorumo.pandape.infojobs.com.br\" target=\"_blank\" class=\"cmsmasters-button-link elementor-widget-cmsmasters-button__button cmsmasters-icon-view- cmsmasters-icon-shape- cmsmasters-button-size-sm\" role=\"button\" tabindex=\"0\"><span class=\"elementor-widget-cmsmasters-button__content-wrapper cmsmasters-align-icon-\"><span class=\"elementor-widget-cmsmasters-button__text\">Clique Aqui<\/span><\/span><\/a><\/div><\/div>\t\t\t\t<\/div>\n\t\t\t\t\t<\/div>\n\t\t\t\t<\/div>\n\t\t<div class=\"elementor-element elementor-element-16f4731 e-flex e-con-boxed cmsmasters-block-default e-con e-parent\" data-id=\"16f4731\" data-element_type=\"container\" data-settings=\"{&quot;background_background&quot;:&quot;classic&quot;}\">\n\t\t\t\t\t<div class=\"e-con-inner\">\n\t\t<div class=\"elementor-element elementor-element-2e17933 e-con-full cmsmasters-effect cmsmasters-effect-type-transform e-flex cmsmasters-effect-hover-type-element cmsmasters-block-default e-con e-child\" data-id=\"2e17933\" data-element_type=\"container\" data-settings=\"{&quot;background_background&quot;:&quot;classic&quot;,&quot;position&quot;:&quot;absolute&quot;,&quot;cms_transform_hover_type&quot;:&quot;element&quot;}\">\n\t\t\t\t<\/div>\n\t\t\t\t<div class=\"elementor-element elementor-element-911f32e elementor-icon-list--layout-traditional elementor-list-item-link-full_width cmsmasters-block-default cmsmasters-sticky-default elementor-invisible elementor-widget elementor-widget-icon-list\" data-id=\"911f32e\" data-element_type=\"widget\" data-settings=\"{&quot;_animation&quot;:&quot;cmsmasters-fade-in-left&quot;}\" data-widget_type=\"icon-list.default\">\n\t\t\t\t\t\t\t<ul class=\"elementor-icon-list-items\">\n\t\t\t\t\t\t\t<li class=\"elementor-icon-list-item\">\n\t\t\t\t\t\t\t\t\t\t\t<span class=\"elementor-icon-list-icon\">\n\t\t\t\t\t\t\t<i aria-hidden=\"true\" class=\"cmsmsdemo-icon- cmsms-demo-icon-arrows-2\"><\/i>\t\t\t\t\t\t<\/span>\n\t\t\t\t\t\t\t\t\t\t<span class=\"elementor-icon-list-text\">Envie Seu Curriculum<\/span>\n\t\t\t\t\t\t\t\t\t<\/li>\n\t\t\t\t\t\t<\/ul>\n\t\t\t\t\t\t<\/div>\n\t\t\t\t<div class=\"elementor-element elementor-element-c15387f cmsmasters-block-default cmsmasters-sticky-default elementor-invisible elementor-widget elementor-widget-heading\" data-id=\"c15387f\" data-element_type=\"widget\" data-settings=\"{&quot;_animation&quot;:&quot;cmsmasters-fade-in-up&quot;,&quot;_animation_delay&quot;:150}\" data-widget_type=\"heading.default\">\n\t\t\t\t\t<h3 class=\"elementor-heading-title elementor-size-default\">\u00c1rea de Recrutamento e Sele\u00e7\u00e3o<\/h3>\t\t\t\t<\/div>\n\t\t\t\t<div class=\"elementor-element elementor-element-c39381e cmsmasters-block-default cmsmasters-sticky-default elementor-invisible elementor-widget elementor-widget-cmsmasters-button\" data-id=\"c39381e\" data-element_type=\"widget\" data-settings=\"{&quot;_animation&quot;:&quot;cmsmasters-pop-in&quot;,&quot;_animation_delay&quot;:300}\" data-widget_type=\"cmsmasters-button.default\">\n\t\t\t\t\t<div class=\"elementor-widget-cmsmasters-button__button-container\"><div class=\"elementor-widget-cmsmasters-button__button-container-inner\"><a href=\"mailto:recrutamento@rodorumo.com.br?subject=Site%20Rodorumo%20-%20Vaga%20de%20Emprego.\" target=\"_blank\" class=\"cmsmasters-button-link elementor-widget-cmsmasters-button__button cmsmasters-icon-view- cmsmasters-icon-shape- cmsmasters-button-size-sm\" role=\"button\" tabindex=\"0\"><span class=\"elementor-widget-cmsmasters-button__content-wrapper cmsmasters-align-icon-\"><span class=\"elementor-widget-cmsmasters-button__text\">Clique Aqui<\/span><\/span><\/a><\/div><\/div>\t\t\t\t<\/div>\n\t\t\t\t\t<\/div>\n\t\t\t\t<\/div>\n\t\t<div class=\"elementor-element elementor-element-6e01f06 e-flex e-con-boxed cmsmasters-block-default e-con e-parent\" data-id=\"6e01f06\" data-element_type=\"container\" data-settings=\"{&quot;background_background&quot;:&quot;classic&quot;}\">\n\t\t\t\t\t<div class=\"e-con-inner\">\n\t\t<div class=\"elementor-element elementor-element-1de9620 e-con-full cmsmasters-effect cmsmasters-effect-type-transform e-flex cmsmasters-effect-hover-type-element cmsmasters-block-default e-con e-child\" data-id=\"1de9620\" data-element_type=\"container\" data-settings=\"{&quot;background_background&quot;:&quot;classic&quot;,&quot;position&quot;:&quot;absolute&quot;,&quot;cms_transform_hover_type&quot;:&quot;element&quot;}\">\n\t\t\t\t<\/div>\n\t\t\t\t<div class=\"elementor-element elementor-element-e42e8b5 elementor-icon-list--layout-traditional elementor-list-item-link-full_width cmsmasters-block-default cmsmasters-sticky-default elementor-invisible elementor-widget elementor-widget-icon-list\" data-id=\"e42e8b5\" data-element_type=\"widget\" data-settings=\"{&quot;_animation&quot;:&quot;cmsmasters-fade-in-left&quot;}\" data-widget_type=\"icon-list.default\">\n\t\t\t\t\t\t\t<ul class=\"elementor-icon-list-items\">\n\t\t\t\t\t\t\t<li class=\"elementor-icon-list-item\">\n\t\t\t\t\t\t\t\t\t\t\t<span class=\"elementor-icon-list-icon\">\n\t\t\t\t\t\t\t<i aria-hidden=\"true\" class=\"cmsmsdemo-icon- cmsms-demo-icon-arrows-2\"><\/i>\t\t\t\t\t\t<\/span>\n\t\t\t\t\t\t\t\t\t\t<span class=\"elementor-icon-list-text\">Agregue Seu Ve\u00edculo<\/span>\n\t\t\t\t\t\t\t\t\t<\/li>\n\t\t\t\t\t\t<\/ul>\n\t\t\t\t\t\t<\/div>\n\t\t\t\t<div class=\"elementor-element elementor-element-bf11de6 cmsmasters-block-default cmsmasters-sticky-default elementor-invisible elementor-widget elementor-widget-heading\" data-id=\"bf11de6\" data-element_type=\"widget\" data-settings=\"{&quot;_animation&quot;:&quot;cmsmasters-fade-in-up&quot;,&quot;_animation_delay&quot;:150}\" data-widget_type=\"heading.default\">\n\t\t\t\t\t<h3 class=\"elementor-heading-title elementor-size-default\">\u00c1rea Exclusiva para Agregados<\/h3>\t\t\t\t<\/div>\n\t\t\t\t<div class=\"elementor-element elementor-element-3035c5c cmsmasters-block-default cmsmasters-sticky-default elementor-invisible elementor-widget elementor-widget-cmsmasters-button\" data-id=\"3035c5c\" data-element_type=\"widget\" data-settings=\"{&quot;_animation&quot;:&quot;cmsmasters-pop-in&quot;,&quot;_animation_delay&quot;:300}\" data-widget_type=\"cmsmasters-button.default\">\n\t\t\t\t\t<div class=\"elementor-widget-cmsmasters-button__button-container\"><div class=\"elementor-widget-cmsmasters-button__button-container-inner\"><a href=\"https:\/\/wa.me\/5511972813376\" target=\"_blank\" class=\"cmsmasters-button-link elementor-widget-cmsmasters-button__button cmsmasters-icon-view- cmsmasters-icon-shape- cmsmasters-button-size-sm\" role=\"button\" tabindex=\"0\"><span class=\"elementor-widget-cmsmasters-button__content-wrapper cmsmasters-align-icon-\"><span class=\"elementor-widget-cmsmasters-button__text\">Agregue Aqui<\/span><\/span><\/a><\/div><\/div>\t\t\t\t<\/div>\n\t\t\t\t\t<\/div>\n\t\t\t\t<\/div>\n\t\t<div class=\"elementor-element elementor-element-44b0296 e-flex e-con-boxed cmsmasters-block-default e-con e-parent\" data-id=\"44b0296\" data-element_type=\"container\">\n\t\t\t\t\t<div class=\"e-con-inner\">\n\t\t<div class=\"elementor-element elementor-element-1190819 e-con-full e-flex cmsmasters-block-default e-con e-child\" data-id=\"1190819\" data-element_type=\"container\">\n\t\t<div class=\"elementor-element elementor-element-079ad3a e-con-full e-flex cmsmasters-block-default e-con e-child\" data-id=\"079ad3a\" data-element_type=\"container\">\n\t\t\t\t<div class=\"elementor-element elementor-element-86f6002 elementor-icon-list--layout-traditional elementor-list-item-link-full_width cmsmasters-block-default cmsmasters-sticky-default elementor-invisible elementor-widget elementor-widget-icon-list\" data-id=\"86f6002\" data-element_type=\"widget\" data-settings=\"{&quot;_animation&quot;:&quot;cmsmasters-fade-in-left&quot;}\" data-widget_type=\"icon-list.default\">\n\t\t\t\t\t\t\t<ul class=\"elementor-icon-list-items\">\n\t\t\t\t\t\t\t<li class=\"elementor-icon-list-item\">\n\t\t\t\t\t\t\t\t\t\t\t<span class=\"elementor-icon-list-icon\">\n\t\t\t\t\t\t\t<i aria-hidden=\"true\" class=\"cmsmsdemo-icon- cmsms-demo-icon-arrows-2\"><\/i>\t\t\t\t\t\t<\/span>\n\t\t\t\t\t\t\t\t\t\t<span class=\"elementor-icon-list-text\">Ficou com D\u00favidas?<\/span>\n\t\t\t\t\t\t\t\t\t<\/li>\n\t\t\t\t\t\t<\/ul>\n\t\t\t\t\t\t<\/div>\n\t\t\t\t<div class=\"elementor-element elementor-element-1622e74 cmsmasters-block-default cmsmasters-sticky-default elementor-invisible elementor-widget elementor-widget-heading\" data-id=\"1622e74\" data-element_type=\"widget\" data-settings=\"{&quot;_animation&quot;:&quot;cmsmasters-fade-in-up&quot;,&quot;_animation_delay&quot;:150}\" data-widget_type=\"heading.default\">\n\t\t\t\t\t<h3 class=\"elementor-heading-title elementor-size-default\">Escreva para a gente clicando no bot\u00e3o ao lado  &gt;&gt;&gt;<\/h3>\t\t\t\t<\/div>\n\t\t\t\t<\/div>\n\t\t<div class=\"elementor-element elementor-element-e81df46 e-con-full e-flex cmsmasters-block-default e-con e-child\" data-id=\"e81df46\" data-element_type=\"container\">\n\t\t\t\t<div class=\"elementor-element elementor-element-d6e9d1a cmsmasters-block-default cmsmasters-sticky-default elementor-invisible elementor-widget elementor-widget-cmsmasters-button\" data-id=\"d6e9d1a\" data-element_type=\"widget\" data-settings=\"{&quot;_animation&quot;:&quot;cmsmasters-pop-in&quot;,&quot;_animation_delay&quot;:300}\" data-widget_type=\"cmsmasters-button.default\">\n\t\t\t\t\t<div class=\"elementor-widget-cmsmasters-button__button-container\"><div class=\"elementor-widget-cmsmasters-button__button-container-inner\"><a href=\"https:\/\/rodorumo.com.br\/index.php\/contato\/\" class=\"cmsmasters-button-link elementor-widget-cmsmasters-button__button cmsmasters-icon-view- cmsmasters-icon-shape- cmsmasters-button-size-sm\" role=\"button\" tabindex=\"0\"><span class=\"elementor-widget-cmsmasters-button__content-wrapper cmsmasters-align-icon-\"><span class=\"elementor-widget-cmsmasters-button__text\">Clique Aqui<\/span><\/span><\/a><\/div><\/div>\t\t\t\t<\/div>\n\t\t\t\t<\/div>\n\t\t\t\t<\/div>\n\t\t\t\t\t<\/div>\n\t\t\t\t<\/div>\n\t\t\t\t<\/div>\n\t\t","protected":false},"excerpt":{"rendered":"<p>Trabalhe na Rodorumo Vem conosco! Somos Impulsionados pela confian\u00e7a e pelo trabalho em equipe. N\u00e3o importa se voc\u00ea est\u00e1 come\u00e7ando sua trajet\u00f3ria ou j\u00e1 possui experi\u00eancia na \u00e1rea, na Rodorumo valorizamos talentos comprometidos e oferecemos oportunidades de crescimento em um ambiente din\u00e2mico, estruturado e movido por excel\u00eancia operacional. Sobre a Rodorumo Com d\u00e9cadas de experi\u00eancia&#8230;<\/p>\n","protected":false},"author":2,"featured_media":0,"parent":0,"menu_order":0,"comment_status":"closed","ping_status":"closed","template":"","meta":{"_acf_changed":false,"footnotes":""},"class_list":["post-52213","page","type-page","status-publish","hentry"],"acf":[],"_links":{"self":[{"href":"https:\/\/rodorumo.com.br\/index.php\/wp-json\/wp\/v2\/pages\/52213","targetHints":{"allow":["GET"]}}],"collection":[{"href":"https:\/\/rodorumo.com.br\/index.php\/wp-json\/wp\/v2\/pages"}],"about":[{"href":"https:\/\/rodorumo.com.br\/index.php\/wp-json\/wp\/v2\/types\/page"}],"author":[{"embeddable":true,"href":"https:\/\/rodorumo.com.br\/index.php\/wp-json\/wp\/v2\/users\/2"}],"replies":[{"embeddable":true,"href":"https:\/\/rodorumo.com.br\/index.php\/wp-json\/wp\/v2\/comments?post=52213"}],"version-history":[{"count":34,"href":"https:\/\/rodorumo.com.br\/index.php\/wp-json\/wp\/v2\/pages\/52213\/revisions"}],"predecessor-version":[{"id":52248,"href":"https:\/\/rodorumo.com.br\/index.php\/wp-json\/wp\/v2\/pages\/52213\/revisions\/52248"}],"wp:attachment":[{"href":"https:\/\/rodorumo.com.br\/index.php\/wp-json\/wp\/v2\/media?parent=52213"}],"curies":[{"name":"wp","href":"https:\/\/api.w.org\/{rel}","templated":true}]}}